{"id":335,"date":"2026-02-04T13:47:48","date_gmt":"2026-02-04T13:47:48","guid":{"rendered":"https:\/\/motalaverkstad.se\/?page_id=335"},"modified":"2026-02-04T14:02:47","modified_gmt":"2026-02-04T14:02:47","slug":"nedladdning-av-maskinlista","status":"publish","type":"page","link":"https:\/\/motalaverkstad.se\/en\/nedladdning-av-maskinlista\/","title":{"rendered":"Nedladdning av maskinlista"},"content":{"rendered":"<div data-elementor-type=\"wp-page\" data-elementor-id=\"335\" class=\"elementor elementor-335\" data-elementor-post-type=\"page\">\n\t\t\t\t<div class=\"elementor-element elementor-element-f832152 e-con-full e-flex e-con e-parent\" data-id=\"f832152\" data-element_type=\"container\" data-e-type=\"container\" data-settings=\"{&quot;background_background&quot;:&quot;classic&quot;}\">\n\t\t<div class=\"elementor-element elementor-element-14d07a6d e-con-full e-flex e-con e-child\" data-id=\"14d07a6d\" data-element_type=\"container\" data-e-type=\"container\" data-settings=\"{&quot;background_background&quot;:&quot;classic&quot;}\">\n\t\t\t\t<div class=\"elementor-element elementor-element-f8f821d elementor-widget elementor-widget-icon-box\" data-id=\"f8f821d\" data-element_type=\"widget\" data-e-type=\"widget\" data-widget_type=\"icon-box.default\">\n\t\t\t\t\t\t\t<div class=\"elementor-icon-box-wrapper\">\n\n\t\t\t\n\t\t\t\t\t\t<div class=\"elementor-icon-box-content\">\n\n\t\t\t\t\t\t\t\t\t<h3 class=\"elementor-icon-box-title\">\n\t\t\t\t\t\t<span  >\n\t\t\t\t\t\t\tMaskinlista\t\t\t\t\t\t<\/span>\n\t\t\t\t\t<\/h3>\n\t\t\t\t\n\t\t\t\t\t\t\t\t\t<p class=\"elementor-icon-box-description\">\n\t\t\t\t\t\tVi erbjuder CNC-svarvning fr\u00e5n enstycksproduktion till h\u00f6g f\u00f6r stora detaljer. Med avancerade maskiner och l\u00e5ng erfarenhet levererar vi noggrann och effektiv bearbetning, alltid med fokus p\u00e5 kvalitet och drifts\u00e4kerhet.\n\nV\u00e5r maskinpark m\u00f6jligg\u00f6r komplexa bearbetningar, vilket g\u00f6r oss till en p\u00e5litlig partner f\u00f6r precisionsprojekt.\t\t\t\t\t<\/p>\n\t\t\t\t\n\t\t\t<\/div>\n\t\t\t\n\t\t<\/div>\n\t\t\t\t\t\t<\/div>\n\t\t\t\t<div class=\"elementor-element elementor-element-4d39936f elementor-tablet-align-center elementor-mobile-align-center elementor-widget__width-inherit elementor-invisible elementor-widget elementor-widget-button\" data-id=\"4d39936f\" data-element_type=\"widget\" data-e-type=\"widget\" data-settings=\"{&quot;_animation&quot;:&quot;fadeIn&quot;,&quot;_animation_delay&quot;:200}\" data-widget_type=\"button.default\">\n\t\t\t\t\t\t\t\t\t\t<a class=\"elementor-button elementor-button-link elementor-size-sm\" href=\"https:\/\/motalaverkstad.se\/wp-content\/uploads\/2026\/02\/Motala-Verkstad-maskinlista.pdf\" target=\"_blank\">\n\t\t\t\t\t\t<span class=\"elementor-button-content-wrapper\">\n\t\t\t\t\t\t\t\t\t<span class=\"elementor-button-text\">Ladda ner maskinlista<\/span>\n\t\t\t\t\t<\/span>\n\t\t\t\t\t<\/a>\n\t\t\t\t\t\t\t\t<\/div>\n\t\t\t\t<\/div>\n\t\t<div class=\"elementor-element elementor-element-50e81c85 e-con-full e-flex e-con e-child\" data-id=\"50e81c85\" data-element_type=\"container\" data-e-type=\"container\">\n\t\t\t\t<div class=\"elementor-element elementor-element-399677ce elementor-cta--layout-image-left elementor-cta--mobile-layout-image-above elementor-cta--valign-middle elementor-cta--skin-classic elementor-animated-content elementor-bg-transform elementor-bg-transform-zoom-in elementor-widget elementor-widget-call-to-action\" data-id=\"399677ce\" data-element_type=\"widget\" data-e-type=\"widget\" data-widget_type=\"call-to-action.default\">\n\t\t\t\t\t\t\t<div class=\"elementor-cta\">\n\t\t\t\t\t<div class=\"elementor-cta__bg-wrapper\">\n\t\t\t\t<div class=\"elementor-cta__bg elementor-bg\" style=\"background-image: url(https:\/\/motalaverkstad.se\/wp-content\/uploads\/2026\/01\/Motala-Verkstad4-1024x576.jpg);\" role=\"img\" aria-label=\"Motala-Verkstad4\"><\/div>\n\t\t\t\t<div class=\"elementor-cta__bg-overlay\"><\/div>\n\t\t\t<\/div>\n\t\t\t\t\t\t\t\t<\/div>\n\t\t\t\t\t\t<\/div>\n\t\t\t\t<\/div>\n\t\t\t\t<\/div>\n\t\t<div class=\"elementor-element elementor-element-368bce e-con-full e-flex e-con e-child\" data-id=\"368bce\" data-element_type=\"container\" data-e-type=\"container\" data-settings=\"{&quot;background_background&quot;:&quot;classic&quot;}\">\n\t\t\t\t<div class=\"elementor-element elementor-element-c24ffea elementor-widget-divider--view-line elementor-widget elementor-widget-divider\" data-id=\"c24ffea\" data-element_type=\"widget\" data-e-type=\"widget\" data-widget_type=\"divider.default\">\n\t\t\t\t\t\t\t<div class=\"elementor-divider\">\n\t\t\t<span class=\"elementor-divider-separator\">\n\t\t\t\t\t\t<\/span>\n\t\t<\/div>\n\t\t\t\t\t\t<\/div>\n\t\t\t\t<\/div>\n\t\t\t\t<\/div>","protected":false},"excerpt":{"rendered":"<p>Maskinlista Vi erbjuder CNC-svarvning fr\u00e5n enstycksproduktion till h\u00f6g f\u00f6r stora detaljer. Med avancerade maskiner och l\u00e5ng erfarenhet levererar vi noggrann och effektiv bearbetning, alltid med fokus p\u00e5 kvalitet och drifts\u00e4kerhet. V\u00e5r maskinpark m\u00f6jligg\u00f6r komplexa bearbetningar, vilket g\u00f6r oss till en p\u00e5litlig partner f\u00f6r precisionsprojekt. Ladda ner maskinlista<\/p>","protected":false},"author":1,"featured_media":0,"parent":0,"menu_order":0,"comment_status":"closed","ping_status":"closed","template":"","meta":{"footnotes":""},"class_list":["post-335","page","type-page","status-publish","hentry"],"_links":{"self":[{"href":"https:\/\/motalaverkstad.se\/en\/wp-json\/wp\/v2\/pages\/335","targetHints":{"allow":["GET"]}}],"collection":[{"href":"https:\/\/motalaverkstad.se\/en\/wp-json\/wp\/v2\/pages"}],"about":[{"href":"https:\/\/motalaverkstad.se\/en\/wp-json\/wp\/v2\/types\/page"}],"author":[{"embeddable":true,"href":"https:\/\/motalaverkstad.se\/en\/wp-json\/wp\/v2\/users\/1"}],"replies":[{"embeddable":true,"href":"https:\/\/motalaverkstad.se\/en\/wp-json\/wp\/v2\/comments?post=335"}],"version-history":[{"count":7,"href":"https:\/\/motalaverkstad.se\/en\/wp-json\/wp\/v2\/pages\/335\/revisions"}],"predecessor-version":[{"id":346,"href":"https:\/\/motalaverkstad.se\/en\/wp-json\/wp\/v2\/pages\/335\/revisions\/346"}],"wp:attachment":[{"href":"https:\/\/motalaverkstad.se\/en\/wp-json\/wp\/v2\/media?parent=335"}],"curies":[{"name":"wp","href":"https:\/\/api.w.org\/{rel}","templated":true}]}}