{"id":151,"date":"2026-01-29T12:59:24","date_gmt":"2026-01-29T12:59:24","guid":{"rendered":"https:\/\/motalaverkstad.se\/?page_id=151"},"modified":"2026-01-29T13:42:54","modified_gmt":"2026-01-29T13:42:54","slug":"helhetsansvar","status":"publish","type":"page","link":"https:\/\/motalaverkstad.se\/en\/helhetsansvar\/","title":{"rendered":"Helhetsansvar"},"content":{"rendered":"<div data-elementor-type=\"wp-page\" data-elementor-id=\"151\" class=\"elementor elementor-151\" data-elementor-post-type=\"page\">\n\t\t\t\t<div class=\"elementor-element elementor-element-1ed3828f e-con-full e-flex e-con e-parent\" data-id=\"1ed3828f\" data-element_type=\"container\" data-e-type=\"container\" data-settings=\"{&quot;background_background&quot;:&quot;classic&quot;}\">\n\t\t<div class=\"elementor-element elementor-element-32a2ffa8 e-con-full e-flex e-con e-child\" data-id=\"32a2ffa8\" data-element_type=\"container\" data-e-type=\"container\" data-settings=\"{&quot;background_background&quot;:&quot;classic&quot;}\">\n\t\t\t\t<div class=\"elementor-element elementor-element-7bc3908b elementor-widget elementor-widget-icon-box\" data-id=\"7bc3908b\" data-element_type=\"widget\" data-e-type=\"widget\" data-widget_type=\"icon-box.default\">\n\t\t\t\t\t\t\t<div class=\"elementor-icon-box-wrapper\">\n\n\t\t\t\n\t\t\t\t\t\t<div class=\"elementor-icon-box-content\">\n\n\t\t\t\t\t\t\t\t\t<h3 class=\"elementor-icon-box-title\">\n\t\t\t\t\t\t<span  >\n\t\t\t\t\t\t\tTj\u00e4nster f\u00f6r ett helhetsansvar\t\t\t\t\t\t<\/span>\n\t\t\t\t\t<\/h3>\n\t\t\t\t\n\t\t\t\t\n\t\t\t<\/div>\n\t\t\t\n\t\t<\/div>\n\t\t\t\t\t\t<\/div>\n\t\t\t\t<\/div>\n\t\t<div class=\"elementor-element elementor-element-74fa50ec e-con-full e-flex e-con e-child\" data-id=\"74fa50ec\" data-element_type=\"container\" data-e-type=\"container\">\n\t\t\t\t<div class=\"elementor-element elementor-element-5d3f41dd elementor-cta--layout-image-left elementor-cta--mobile-layout-image-above elementor-cta--valign-middle elementor-cta--skin-classic elementor-animated-content elementor-bg-transform elementor-bg-transform-zoom-in elementor-widget elementor-widget-call-to-action\" data-id=\"5d3f41dd\" data-element_type=\"widget\" data-e-type=\"widget\" data-widget_type=\"call-to-action.default\">\n\t\t\t\t\t\t\t<div class=\"elementor-cta\">\n\t\t\t\t\t<div class=\"elementor-cta__bg-wrapper\">\n\t\t\t\t<div class=\"elementor-cta__bg elementor-bg\" style=\"background-image: url(https:\/\/motalaverkstad.se\/wp-content\/uploads\/2026\/01\/frammestadverken-legolack-frammestad-1024x684.jpg);\" role=\"img\" aria-label=\"frammestadverken-legolack-frammestad\"><\/div>\n\t\t\t\t<div class=\"elementor-cta__bg-overlay\"><\/div>\n\t\t\t<\/div>\n\t\t\t\t\t\t\t\t<\/div>\n\t\t\t\t\t\t<\/div>\n\t\t\t\t<\/div>\n\t\t\t\t<\/div>\n\t\t<div class=\"elementor-element elementor-element-75f3c82a e-con-full e-flex e-con e-parent\" data-id=\"75f3c82a\" data-element_type=\"container\" data-e-type=\"container\" data-settings=\"{&quot;background_background&quot;:&quot;classic&quot;}\">\n\t\t<div class=\"elementor-element elementor-element-30697a51 e-con-full e-flex e-con e-child\" data-id=\"30697a51\" data-element_type=\"container\" data-e-type=\"container\" data-settings=\"{&quot;background_background&quot;:&quot;classic&quot;}\">\n\t\t\t\t<div class=\"elementor-element elementor-element-4f47a8a2 elementor-widget elementor-widget-icon-box\" data-id=\"4f47a8a2\" data-element_type=\"widget\" data-e-type=\"widget\" data-widget_type=\"icon-box.default\">\n\t\t\t\t\t\t\t<div class=\"elementor-icon-box-wrapper\">\n\n\t\t\t\n\t\t\t\t\t\t<div class=\"elementor-icon-box-content\">\n\n\t\t\t\t\t\t\t\t\t<h3 class=\"elementor-icon-box-title\">\n\t\t\t\t\t\t<span  >\n\t\t\t\t\t\t\tMaterialf\u00f6rs\u00f6rjning &amp; sourching\t\t\t\t\t\t<\/span>\n\t\t\t\t\t<\/h3>\n\t\t\t\t\n\t\t\t\t\t\t\t\t\t<p class=\"elementor-icon-box-description\">\n\t\t\t\t\t\tMaterialf\u00f6rs\u00f6rjning och sourcing sker i n\u00e4ra samarbete med utvalda partners. Alla komponenter l\u00e4mpar sig inte f\u00f6r varje gjuteri, d\u00e4rf\u00f6r s\u00e4kerst\u00e4ller vi att r\u00e4tt material och geometri matchas med r\u00e4tt tillverkningspartner f\u00f6r optimala tekniska f\u00f6ruts\u00e4ttningar, kvalitet och leveranss\u00e4kerhet.\t\t\t\t\t<\/p>\n\t\t\t\t\n\t\t\t<\/div>\n\t\t\t\n\t\t<\/div>\n\t\t\t\t\t\t<\/div>\n\t\t\t\t<\/div>\n\t\t<div class=\"elementor-element elementor-element-4e570737 e-con-full e-flex e-con e-child\" data-id=\"4e570737\" data-element_type=\"container\" data-e-type=\"container\" data-settings=\"{&quot;background_background&quot;:&quot;classic&quot;}\">\n\t\t\t\t<div class=\"elementor-element elementor-element-2b6b39d2 elementor-widget elementor-widget-icon-box\" data-id=\"2b6b39d2\" data-element_type=\"widget\" data-e-type=\"widget\" data-widget_type=\"icon-box.default\">\n\t\t\t\t\t\t\t<div class=\"elementor-icon-box-wrapper\">\n\n\t\t\t\n\t\t\t\t\t\t<div class=\"elementor-icon-box-content\">\n\n\t\t\t\t\t\t\t\t\t<h3 class=\"elementor-icon-box-title\">\n\t\t\t\t\t\t<span  >\n\t\t\t\t\t\t\tYtbehandling<\/span>\t\t\t\t\t\t<\/span>\n\t\t\t\t\t<\/h3>\n\t\t\t\t\n\t\t\t\t\t\t\t\t\t<p class=\"elementor-icon-box-description\">\n\t\t\t\t\t\tGrundm\u00e5lning och lackering \u00e4r centrala ytbehandlingsprocesser f\u00f6r att s\u00e4kerst\u00e4lla l\u00e5ngvarigt skydd, god vidh\u00e4ftning och h\u00f6g finish. Grundm\u00e5lning anv\u00e4nds som f\u00f6rberedande steg f\u00f6r att skydda ytor mot fukt och slitage samt skapa optimala f\u00f6ruts\u00e4ttningar f\u00f6r efterf\u00f6ljande ytbehandling. <br><br>Lackering, inklusive pulverlackering, appliceras f\u00f6r att ge ett slitstarkt, korrosionsskyddande och estetiskt tilltalande ytskikt, anpassat efter material, funktion och milj\u00f6krav.\t\t\t\t\t<\/p>\n\t\t\t\t\n\t\t\t<\/div>\n\t\t\t\n\t\t<\/div>\n\t\t\t\t\t\t<\/div>\n\t\t\t\t<\/div>\n\t\t<div class=\"elementor-element elementor-element-6fe053dc e-con-full e-flex e-con e-child\" data-id=\"6fe053dc\" data-element_type=\"container\" data-e-type=\"container\" data-settings=\"{&quot;background_background&quot;:&quot;classic&quot;}\">\n\t\t\t\t<div class=\"elementor-element elementor-element-305156a8 elementor-widget elementor-widget-icon-box\" data-id=\"305156a8\" data-element_type=\"widget\" data-e-type=\"widget\" data-widget_type=\"icon-box.default\">\n\t\t\t\t\t\t\t<div class=\"elementor-icon-box-wrapper\">\n\n\t\t\t\n\t\t\t\t\t\t<div class=\"elementor-icon-box-content\">\n\n\t\t\t\t\t\t\t\t\t<h3 class=\"elementor-icon-box-title\">\n\t\t\t\t\t\t<span  >\n\t\t\t\t\t\t\tSpecialicerade ytbehandlingar\t\t\t\t\t\t<\/span>\n\t\t\t\t\t<\/h3>\n\t\t\t\t\n\t\t\t\t\t\t\t\t\t<p class=\"elementor-icon-box-description\">\n\t\t\t\t\t\tEloxering: \u00d6kar korrosionsbest\u00e4ndigheten och ger en h\u00e5rd yta p\u00e5 aluminiumprodukter.<br><br>\nBetning: Tar bort oxid och orenheter fr\u00e5n metallytor, vilket f\u00f6rb\u00e4ttrar bindningen av efterf\u00f6ljande ytbehandlingar.<br><br>\nVarmf\u00f6rzinkning: Ger ett starkt och h\u00e5llbart korrosionsskydd genom att bel\u00e4gga st\u00e5let med ett lager zink.\t\t\t\t\t<\/p>\n\t\t\t\t\n\t\t\t<\/div>\n\t\t\t\n\t\t<\/div>\n\t\t\t\t\t\t<\/div>\n\t\t\t\t<\/div>\n\t\t\t\t<\/div>\n\t\t<div class=\"elementor-element elementor-element-67a83ce4 e-con-full e-flex e-con e-child\" data-id=\"67a83ce4\" data-element_type=\"container\" data-e-type=\"container\" data-settings=\"{&quot;background_background&quot;:&quot;classic&quot;}\">\n\t\t\t\t<div class=\"elementor-element elementor-element-5978dad8 elementor-widget elementor-widget-icon-box\" data-id=\"5978dad8\" data-element_type=\"widget\" data-e-type=\"widget\" data-widget_type=\"icon-box.default\">\n\t\t\t\t\t\t\t<div class=\"elementor-icon-box-wrapper\">\n\n\t\t\t\n\t\t\t\t\t\t<div class=\"elementor-icon-box-content\">\n\n\t\t\t\t\t\t\t\t\t<h3 class=\"elementor-icon-box-title\">\n\t\t\t\t\t\t<span  >\n\t\t\t\t\t\t\tKontakta oss f\u00f6r att diskutera ert projekt\t\t\t\t\t\t<\/span>\n\t\t\t\t\t<\/h3>\n\t\t\t\t\n\t\t\t\t\n\t\t\t<\/div>\n\t\t\t\n\t\t<\/div>\n\t\t\t\t\t\t<\/div>\n\t\t\t\t<div class=\"elementor-element elementor-element-5a8608e3 elementor-widget-divider--view-line elementor-widget elementor-widget-divider\" data-id=\"5a8608e3\" data-element_type=\"widget\" data-e-type=\"widget\" data-widget_type=\"divider.default\">\n\t\t\t\t\t\t\t<div class=\"elementor-divider\">\n\t\t\t<span class=\"elementor-divider-separator\">\n\t\t\t\t\t\t<\/span>\n\t\t<\/div>\n\t\t\t\t\t\t<\/div>\n\t\t\t\t<div class=\"elementor-element elementor-element-19d63f36 elementor-widget elementor-widget-icon-box\" data-id=\"19d63f36\" data-element_type=\"widget\" data-e-type=\"widget\" data-widget_type=\"icon-box.default\">\n\t\t\t\t\t\t\t<div class=\"elementor-icon-box-wrapper\">\n\n\t\t\t\n\t\t\t\t\t\t<div class=\"elementor-icon-box-content\">\n\n\t\t\t\t\t\t\t\t\t<h3 class=\"elementor-icon-box-title\">\n\t\t\t\t\t\t<span  >\n\t\t\t\t\t\t\tPer Lavesson\t\t\t\t\t\t<\/span>\n\t\t\t\t\t<\/h3>\n\t\t\t\t\n\t\t\t\t\t\t\t\t\t<p class=\"elementor-icon-box-description\">\n\t\t\t\t\t\tTeknisk S\u00e4ljare <br>\nper.lavesson@motalaverkstad.se<br>\n(+46) 076 - 724 23 74\t\t\t\t\t<\/p>\n\t\t\t\t\n\t\t\t<\/div>\n\t\t\t\n\t\t<\/div>\n\t\t\t\t\t\t<\/div>\n\t\t\t\t<\/div>\n\t\t\t\t<\/div>","protected":false},"excerpt":{"rendered":"<p>Tj\u00e4nster f\u00f6r ett helhetsansvar Materialf\u00f6rs\u00f6rjning &amp; sourching Materialf\u00f6rs\u00f6rjning och sourcing sker i n\u00e4ra samarbete med utvalda partners. Alla komponenter l\u00e4mpar sig inte f\u00f6r varje gjuteri, d\u00e4rf\u00f6r s\u00e4kerst\u00e4ller vi att r\u00e4tt material och geometri matchas med r\u00e4tt tillverkningspartner f\u00f6r optimala tekniska f\u00f6ruts\u00e4ttningar, kvalitet och leveranss\u00e4kerhet. Ytbehandling Grundm\u00e5lning och lackering \u00e4r centrala ytbehandlingsprocesser f\u00f6r att s\u00e4kerst\u00e4lla l\u00e5ngvarigt [&hellip;]<\/p>\n","protected":false},"author":1,"featured_media":0,"parent":0,"menu_order":0,"comment_status":"closed","ping_status":"closed","template":"","meta":{"footnotes":""},"class_list":["post-151","page","type-page","status-publish","hentry"],"_links":{"self":[{"href":"https:\/\/motalaverkstad.se\/en\/wp-json\/wp\/v2\/pages\/151","targetHints":{"allow":["GET"]}}],"collection":[{"href":"https:\/\/motalaverkstad.se\/en\/wp-json\/wp\/v2\/pages"}],"about":[{"href":"https:\/\/motalaverkstad.se\/en\/wp-json\/wp\/v2\/types\/page"}],"author":[{"embeddable":true,"href":"https:\/\/motalaverkstad.se\/en\/wp-json\/wp\/v2\/users\/1"}],"replies":[{"embeddable":true,"href":"https:\/\/motalaverkstad.se\/en\/wp-json\/wp\/v2\/comments?post=151"}],"version-history":[{"count":13,"href":"https:\/\/motalaverkstad.se\/en\/wp-json\/wp\/v2\/pages\/151\/revisions"}],"predecessor-version":[{"id":292,"href":"https:\/\/motalaverkstad.se\/en\/wp-json\/wp\/v2\/pages\/151\/revisions\/292"}],"wp:attachment":[{"href":"https:\/\/motalaverkstad.se\/en\/wp-json\/wp\/v2\/media?parent=151"}],"curies":[{"name":"wp","href":"https:\/\/api.w.org\/{rel}","templated":true}]}}